{"id":231457,"date":"2022-09-07T09:48:57","date_gmt":"2022-09-07T09:48:57","guid":{"rendered":"http:\/\/site-prdfinis.local\/?page_id=231457"},"modified":"2024-07-08T09:01:59","modified_gmt":"2024-07-08T09:01:59","slug":"mentions-legales","status":"publish","type":"page","link":"https:\/\/idara-home.com\/en\/mentions-legales\/","title":{"rendered":"Mentions l\u00e9gales"},"content":{"rendered":"<p>[et_pb_section fb_built=&#8221;1&#8243; _builder_version=&#8221;4.24.2&#8243; _module_preset=&#8221;default&#8221; global_colors_info=&#8221;{}&#8221;][et_pb_row _builder_version=&#8221;4.24.2&#8243; _module_preset=&#8221;default&#8221; global_colors_info=&#8221;{}&#8221;][et_pb_column type=&#8221;4_4&#8243; _builder_version=&#8221;4.24.2&#8243; _module_preset=&#8221;default&#8221; global_colors_info=&#8221;{}&#8221;][et_pb_text _builder_version=&#8221;4.25.1&#8243; _module_preset=&#8221;0b1e1d55-7b45-4920-91f4-83a3b5fb4477&#8243; hover_enabled=&#8221;0&#8243; global_colors_info=&#8221;{}&#8221; header_text_color=&#8221;#282828&#8243; text_text_color=&#8221;#282828&#8243; header_2_text_color=&#8221;#282828&#8243; sticky_enabled=&#8221;0&#8243;]<\/p>\n<h1>MENTIONS L\u00c9GALES<\/h1>\n<p>Les mentions l\u00e9gales ont \u00e9t\u00e9 mises \u00e0 jour pour la derni\u00e8re fois le 05\/03\/2024.<\/p>\n<h2>Editeur du site internet<\/h2>\n<p>Le site internet est \u00e9dit\u00e9 et r\u00e9alis\u00e9 l\u2019agence Pegaseweb, propri\u00e9t\u00e9 de l\u2019entreprise du site internet:<\/p>\n<p>&nbsp;<\/p>\n<p>Siret\u00a0: 947571071<\/p>\n<p>Adresse\u00a0: 27 rue Jean Marc Bernard, 69003<\/p>\n<p>D\u00e9nomination\u00a0: Roman Doucet<\/p>\n<p>Nom commercial\u00a0: Agence Pegase web<\/p>\n<p>Code APE\u00a0: 62.01Z<\/p>\n<p>&nbsp;<\/p>\n<h2>LA SOCI\u00c9T\u00c9 DU SITE INTERNET<\/h2>\n<p>Nom commercial : Idara Gestion<\/p>\n<p>Si\u00e8ge : Appt N 3 RDC R\u00e9sidence M\u00e9nara 2 Gueliz<\/p>\n<p>Num\u00e9ro ICE : 003483917000088<\/p>\n<p>T\u00e9l. accueil : 0600671092<\/p>\n<p>E-mail : idara.immo@gmail.com<\/p>\n<p>Site web : idara-maroc.com<\/p>\n<p>&nbsp;<\/p>\n<h2>H\u00c9BERGEUR DU SITE INTERNET<\/h2>\n<p>&nbsp;<\/p>\n<p>Le site internet est h\u00e9berg\u00e9 en France par OVHcloud :<\/p>\n<p>OVH<br \/>2 rue Kellermann, 59100 Roubaix, France<br \/>SIRET : 424 761 419 00045<br \/>T\u00e9l : 1007<\/p>\n<h2><\/h2>\n<h2>DONN\u00c9ES PERSONNELLES ET UTILISATION DE COOKIES<\/h2>\n<p>&nbsp;<\/p>\n<p>Voir notre page sur la\u00a0RGPD.<\/p>\n<p>[\/et_pb_text][\/et_pb_column][\/et_pb_row][\/et_pb_section]<\/p>\n","protected":false},"excerpt":{"rendered":"<p>MENTIONS L\u00c9GALES Les mentions l\u00e9gales ont \u00e9t\u00e9 mises \u00e0 jour pour la derni\u00e8re fois le 05\/03\/2024. Editeur du site internet Le site internet est \u00e9dit\u00e9 et r\u00e9alis\u00e9 l\u2019agence Pegaseweb, propri\u00e9t\u00e9 de l\u2019entreprise du site internet: &nbsp; Siret\u00a0: 947571071 Adresse\u00a0: 27 rue Jean Marc Bernard, 69003 D\u00e9nomination\u00a0: Roman Doucet Nom commercial\u00a0: Agence Pegase web Code APE\u00a0: [&hellip;]<\/p>\n","protected":false},"author":1,"featured_media":0,"parent":0,"menu_order":0,"comment_status":"closed","ping_status":"closed","template":"","meta":{"_et_pb_use_builder":"on","_et_pb_old_content":"<!-- wp:divi\/placeholder \/-->","_et_gb_content_width":"","footnotes":""},"class_list":["post-231457","page","type-page","status-publish","hentry"],"_links":{"self":[{"href":"https:\/\/idara-home.com\/en\/wp-json\/wp\/v2\/pages\/231457","targetHints":{"allow":["GET"]}}],"collection":[{"href":"https:\/\/idara-home.com\/en\/wp-json\/wp\/v2\/pages"}],"about":[{"href":"https:\/\/idara-home.com\/en\/wp-json\/wp\/v2\/types\/page"}],"author":[{"embeddable":true,"href":"https:\/\/idara-home.com\/en\/wp-json\/wp\/v2\/users\/1"}],"replies":[{"embeddable":true,"href":"https:\/\/idara-home.com\/en\/wp-json\/wp\/v2\/comments?post=231457"}],"version-history":[{"count":6,"href":"https:\/\/idara-home.com\/en\/wp-json\/wp\/v2\/pages\/231457\/revisions"}],"predecessor-version":[{"id":233028,"href":"https:\/\/idara-home.com\/en\/wp-json\/wp\/v2\/pages\/231457\/revisions\/233028"}],"wp:attachment":[{"href":"https:\/\/idara-home.com\/en\/wp-json\/wp\/v2\/media?parent=231457"}],"curies":[{"name":"wp","href":"https:\/\/api.w.org\/{rel}","templated":true}]}}